{"id":1289,"date":"2022-06-04T11:11:19","date_gmt":"2022-06-04T08:11:19","guid":{"rendered":"https:\/\/ivanastore.ro\/?post_type=product&#038;p=1289"},"modified":"2022-06-20T14:12:46","modified_gmt":"2022-06-20T11:12:46","slug":"camasa-din-panza-topita-black","status":"publish","type":"product","link":"https:\/\/ivanastore.ro\/en\/p\/camasa-din-panza-topita-black\/","title":{"rendered":"C\u0103ma\u0219\u0103 din P\u00e2nz\u0103 topit\u0103 Black"},"content":{"rendered":"<p>Model cu <span class=\"dia_suggestion w2\">m\u00e2nec\u0103<\/span>\u00a0\u00a0<span class=\"dia_suggestion w3\">supradimensionat\u0103<\/span>, realizat\u00a0<span class=\"dia_suggestion w5\"><span class=\"dia_suggestion w8\"><span class=\"dia_suggestion w50\">din<\/span><\/span><\/span>\u00a0<span class=\"dia_suggestion w6\">p\u00e2nz\u0103<\/span>\u00a0<span class=\"dia_suggestion w7\">topit\u0103<\/span>\u00a0din 100%\u00a0 bumbac de\u00a0<span class=\"dia_suggestion w11\">cea<\/span>\u00a0<span class=\"dia_suggestion w12\">mai<\/span>\u00a0<span class=\"dia_suggestion w13\">bun\u0103<\/span>\u00a0calitate, cu un\u00a0<span class=\"dia_suggestion w17\">tu\u0219eu<\/span>\u00a0catifelat.<br \/>\n<span class=\"dia_suggestion w19\">C\u0103ma\u0219\u0103<\/span>\u00a0are\u00a0<span class=\"dia_suggestion w21\">\u00eenchidere<\/span>\u00a0cu nasturi.<br \/>\nCuloare \u2013 Negru<\/p>\n<p>Material \u2013 100% bumbac\u00a0<span class=\"dia_suggestion w28\">provenien\u021b\u0103<\/span>\u00a0Romania<\/p>\n<p>Modelul\u00a0<span class=\"dia_suggestion w30\">poart\u0103<\/span>\u00a0m\u0103rimea M<br \/>\n<span class=\"dia_suggestion w33\">M\u0103surile<\/span>\u00a0modelului:\u00a0<span class=\"dia_suggestion w35\">\u00een\u0103l\u021bime<\/span>\u00a0175 cm, bust 90 cm, talie 70 cm<\/p>\n<p><span class=\"dia_suggestion w41\">\u00cengrijire<\/span>\u00a0\u2013 Articolul este un produs de\u00a0<span class=\"dia_suggestion w47\">\u00eenalta<\/span>\u00a0calitate\u00a0<span class=\"dia_suggestion w49\">confec\u021bionat<\/span>\u00a0<span class=\"dia_suggestion w5\"><span class=\"dia_suggestion w8\"><span class=\"dia_suggestion w50\">din<\/span><\/span><\/span>\u00a0materiale premium\u00a0<span class=\"dia_suggestion w53\">\u0219i<\/span>\u00a0<span class=\"dia_suggestion w54\">necesit\u0103<\/span>\u00a0<span class=\"dia_suggestion w55\">\u00eengrijire<\/span>\u00a0<span class=\"dia_suggestion w56\">\u0219i<\/span>\u00a0<span class=\"dia_suggestion w57\">cur\u0103\u021bare<\/span>\u00a0<span class=\"dia_suggestion w58\">special\u0103<\/span>.<br \/>\n<span class=\"dia_suggestion w59\">Va<\/span>\u00a0<span class=\"dia_suggestion w60\">rug\u0103m<\/span>\u00a0<span class=\"dia_suggestion w61\">s\u0103<\/span>\u00a0<span class=\"dia_suggestion w62\">urm\u0103ri\u021bi<\/span>\u00a0<span class=\"dia_suggestion w63\">recomand\u0103rile<\/span>\u00a0de pe\u00a0<span class=\"dia_suggestion w66\">etichet<span class=\"dia_suggestion w28\">\u0103<\/span><\/span>!<\/p>","protected":false},"excerpt":{"rendered":"<p>Model cu m\u00e2nec\u0103\u00a0\u00a0supradimensionat\u0103, realizat\u00a0din\u00a0p\u00e2nz\u0103\u00a0topit\u0103\u00a0din 100%\u00a0 bumbac de\u00a0cea\u00a0mai\u00a0bun\u0103\u00a0calitate, cu un\u00a0tu\u0219eu\u00a0catifelat. C\u0103ma\u0219\u0103\u00a0are\u00a0\u00eenchidere\u00a0cu nasturi. Culoare \u2013 Negru Material \u2013 100% bumbac\u00a0provenien\u021b\u0103\u00a0Romania Modelul\u00a0poart\u0103\u00a0m\u0103rimea M M\u0103surile\u00a0modelului:\u00a0\u00een\u0103l\u021bime\u00a0175 cm, bust 90 cm, talie 70 cm \u00cengrijire\u00a0\u2013 Articolul este un produs de\u00a0\u00eenalta\u00a0calitate\u00a0confec\u021bionat\u00a0din\u00a0materiale premium\u00a0\u0219i\u00a0necesit\u0103\u00a0\u00eengrijire\u00a0\u0219i\u00a0cur\u0103\u021bare\u00a0special\u0103. Va\u00a0rug\u0103m\u00a0s\u0103\u00a0urm\u0103ri\u021bi\u00a0recomand\u0103rile\u00a0de pe\u00a0etichet\u0103!<\/p>","protected":false},"featured_media":1296,"comment_status":"open","ping_status":"closed","template":"","meta":[],"product_cat":[33,27],"product_tag":[],"class_list":["post-1289","product","type-product","status-publish","has-post-thumbnail","hentry","product_cat-camasi-femei","product_cat-femei"],"_links":{"self":[{"href":"https:\/\/ivanastore.ro\/en\/wp-json\/wp\/v2\/product\/1289","targetHints":{"allow":["GET"]}}],"collection":[{"href":"https:\/\/ivanastore.ro\/en\/wp-json\/wp\/v2\/product"}],"about":[{"href":"https:\/\/ivanastore.ro\/en\/wp-json\/wp\/v2\/types\/product"}],"replies":[{"embeddable":true,"href":"https:\/\/ivanastore.ro\/en\/wp-json\/wp\/v2\/comments?post=1289"}],"wp:featuredmedia":[{"embeddable":true,"href":"https:\/\/ivanastore.ro\/en\/wp-json\/wp\/v2\/media\/1296"}],"wp:attachment":[{"href":"https:\/\/ivanastore.ro\/en\/wp-json\/wp\/v2\/media?parent=1289"}],"wp:term":[{"taxonomy":"product_cat","embeddable":true,"href":"https:\/\/ivanastore.ro\/en\/wp-json\/wp\/v2\/product_cat?post=1289"},{"taxonomy":"product_tag","embeddable":true,"href":"https:\/\/ivanastore.ro\/en\/wp-json\/wp\/v2\/product_tag?post=1289"}],"curies":[{"name":"wp","href":"https:\/\/api.w.org\/{rel}","templated":true}]}}