{"id":1524,"date":"2022-12-13T13:09:17","date_gmt":"2022-12-13T10:09:17","guid":{"rendered":"https:\/\/ivanastore.ro\/?post_type=product&#038;p=1524"},"modified":"2023-11-23T15:59:00","modified_gmt":"2023-11-23T12:59:00","slug":"new-jacheta-danielle","status":"publish","type":"product","link":"https:\/\/ivanastore.ro\/en\/p\/new-jacheta-danielle\/","title":{"rendered":"Jachet\u0103 Danielle, din l\u00e2n\u0103"},"content":{"rendered":"<p>Model scurt cu\u00a0m\u00e2nec\u0103\u00a0supradimensionat\u0103, realizat\u00a0din stof\u0103 de l\u00e2n\u0103.<br \/>\nJacheta\u00a0are\u00a0\u00eenchidere cu nasturi \u0219i\u00a0este\u00a0prev\u0103zut\u0103\u00a0cu buzunare laterale.<br \/>\nBroderia are un design propriu stilizat inspirat\u00a0din\u00a0folclorul\u00a0rom\u00e2nesc.<br \/>\nCuloare - Negru<br \/>\nBroderie - Rosu, Portocaliu<br \/>\nMaterial - 80% l\u00e2n\u0103 si 20% v\u00e2scoz\u0103<br \/>\nC\u0103ptu\u0219eal\u0103 - 100% v\u00e2scoz\u0103<br \/>\nDimensiuni - lungime 60cm<\/p>\n<p>Modelul\u00a0<span class=\"dia_suggestion w43\">poart\u0103<\/span>\u00a0m\u0103rimea S<br \/>\n<span class=\"dia_suggestion w46\">M\u0103surile<\/span>\u00a0modelului:\u00a0<span class=\"dia_suggestion w48\">\u00cen\u0103l\u021bime<\/span>\u00a0165 cm, bust 88 cm, talie 68 cm,\u00a0<span class=\"dia_suggestion_done w54\">\u0219old<\/span>\u00a092 cm<\/p>\n<p><span class=\"dia_suggestion w54\">\u00cengrijire<\/span>\u00a0- Articolul este un produs de\u00a0<span class=\"dia_suggestion w60\">\u00eenalta<\/span>\u00a0calitate\u00a0<span class=\"dia_suggestion w62\">confec\u021bionat<\/span>\u00a0<span class=\"dia_suggestion w6\"><span class=\"dia_suggestion w26\"><span class=\"dia_suggestion w63\">din<\/span><\/span><\/span>\u00a0materiale premium\u00a0<span class=\"dia_suggestion w13\">\u0219i<\/span>\u00a0<span class=\"dia_suggestion w67\">necesit\u0103<\/span>\u00a0<span class=\"dia_suggestion w68\">\u00eengrijire<\/span>\u00a0<span class=\"dia_suggestion w66\">\u0219i<\/span>\u00a0<span class=\"dia_suggestion w70\">cur\u0103\u021bare<\/span>\u00a0<span class=\"dia_suggestion w71\">special\u0103<\/span>.<br \/>\n<span class=\"dia_suggestion_done w72\">V\u0103<\/span>\u00a0<span class=\"dia_suggestion w73\">rug\u0103m<\/span>\u00a0<span class=\"dia_suggestion w74\">s\u0103<\/span>\u00a0<span class=\"dia_suggestion w75\">urm\u0103ri\u021bi<\/span>\u00a0<span class=\"dia_suggestion w76\">recomand\u0103rile<\/span>\u00a0de pe\u00a0<span class=\"dia_suggestion_done w79\">etichet\u0103<\/span>!<\/p>\n<p><strong>Acest model\u00a0<span class=\"dia_suggestion w84\">se<\/span>\u00a0poate\u00a0<span class=\"dia_suggestion w86\">personaliza<\/span>\u00a0<span class=\"dia_suggestion w87\">\u00een<\/span>\u00a0<span class=\"dia_suggestion w88\">func\u021bie<\/span>\u00a0de dimensiunile dorite, cu\u00a0<span class=\"dia_suggestion w93\">obliga\u021bia<\/span>\u00a0de a ne contacta\u00a0<span class=\"dia_suggestion w98\">\u00eenainte<\/span>\u00a0de plasarea comenzii.<\/strong><br \/>\n<strong><span class=\"dia_suggestion w102\">Pute\u021bi<\/span>\u00a0folosii\u00a0<a href=\"https:\/\/ivanastore.ro\/en\/contact\/\">FORMULAR DE CONTACT<\/a>\u00a0<span class=\"dia_suggestion w107\">sau<\/span>\u00a0direct\u00a0<span class=\"dia_suggestion w109\">la<\/span>\u00a0<a href=\"mailto:contact@ivanastore.ro\">contact@ivanastore.ro<\/a><\/strong><br \/>\n<strong><span class=\"dia_suggestion w113\">Pre\u021bul<\/span>\u00a0poate varia\u00a0<span class=\"dia_suggestion w87\">\u00een<\/span>\u00a0<span class=\"dia_suggestion w88\">func\u021bie<\/span>\u00a0de\u00a0<span class=\"dia_suggestion w119\">modific\u0103rile<\/span>\u00a0dorite.<\/strong><\/p>","protected":false},"excerpt":{"rendered":"<p>Model scurt cu\u00a0m\u00e2nec\u0103\u00a0supradimensionat\u0103, realizat\u00a0din stof\u0103 de l\u00e2n\u0103. Jacheta\u00a0are\u00a0\u00eenchidere cu nasturi \u0219i\u00a0este\u00a0prev\u0103zut\u0103\u00a0cu buzunare laterale. Broderia are un design propriu stilizat inspirat\u00a0din\u00a0folclorul\u00a0rom\u00e2nesc. Culoare - Negru Broderie - Rosu, Portocaliu Material - 80% l\u00e2n\u0103 si 20% v\u00e2scoz\u0103 C\u0103ptu\u0219eal\u0103 - 100% v\u00e2scoz\u0103 Dimensiuni - lungime 60cm Modelul\u00a0poart\u0103\u00a0m\u0103rimea S M\u0103surile\u00a0modelului:\u00a0\u00cen\u0103l\u021bime\u00a0165 cm, bust 88 cm, talie 68 cm,\u00a0\u0219old\u00a092 cm \u00cengrijire\u00a0- Articolul [&hellip;]<\/p>\n","protected":false},"featured_media":2061,"comment_status":"open","ping_status":"closed","template":"","meta":[],"product_cat":[27,35],"product_tag":[],"class_list":["post-1524","product","type-product","status-publish","has-post-thumbnail","hentry","product_cat-femei","product_cat-jachete-femei"],"_links":{"self":[{"href":"https:\/\/ivanastore.ro\/en\/wp-json\/wp\/v2\/product\/1524","targetHints":{"allow":["GET"]}}],"collection":[{"href":"https:\/\/ivanastore.ro\/en\/wp-json\/wp\/v2\/product"}],"about":[{"href":"https:\/\/ivanastore.ro\/en\/wp-json\/wp\/v2\/types\/product"}],"replies":[{"embeddable":true,"href":"https:\/\/ivanastore.ro\/en\/wp-json\/wp\/v2\/comments?post=1524"}],"wp:featuredmedia":[{"embeddable":true,"href":"https:\/\/ivanastore.ro\/en\/wp-json\/wp\/v2\/media\/2061"}],"wp:attachment":[{"href":"https:\/\/ivanastore.ro\/en\/wp-json\/wp\/v2\/media?parent=1524"}],"wp:term":[{"taxonomy":"product_cat","embeddable":true,"href":"https:\/\/ivanastore.ro\/en\/wp-json\/wp\/v2\/product_cat?post=1524"},{"taxonomy":"product_tag","embeddable":true,"href":"https:\/\/ivanastore.ro\/en\/wp-json\/wp\/v2\/product_tag?post=1524"}],"curies":[{"name":"wp","href":"https:\/\/api.w.org\/{rel}","templated":true}]}}