{"id":1536,"date":"2022-12-13T13:19:15","date_gmt":"2022-12-13T10:19:15","guid":{"rendered":"https:\/\/ivanastore.ro\/?post_type=product&#038;p=1536"},"modified":"2023-03-06T17:33:16","modified_gmt":"2023-03-06T14:33:16","slug":"new-rochie-lizzy","status":"publish","type":"product","link":"https:\/\/ivanastore.ro\/en\/p\/new-rochie-lizzy\/","title":{"rendered":"NEW! Rochie Lizy"},"content":{"rendered":"<p>Model amplu cu\u00a0m\u00e2nec\u0103\u00a0lung\u0103, realizat\u00a0din\u00a0100%\u00a0In\u00a0prespalat,\u00a0pl\u0103cut\u00a0la\u00a0atingere.<br \/>\nRochia este prev\u0103zut\u0103 cu c\u0103ptu\u0219eal\u0103 din 100% vascoza<br \/>\nBroderia are un design propriu stilizat inspirat\u00a0din folclorul romanesc.<br \/>\nCuloare \u2013 Gri antic<br \/>\nBroderie \u2013 Rosu \/ Verde<br \/>\nAccent \u2013 verde olive<br \/>\nAccesorii - cordon pentru a pune\u00a0\u00een\u00a0eviden\u021b\u0103\u00a0talia.<br \/>\nMaterial \u2013 100%\u00a0In\u00a0prespalat\u00a0provenien\u021b\u0103\u00a0Rom\u00e2nia<br \/>\nAccente \u2013\u00a0\u0219nur\u00a0100% polyester<\/p>\n<p>Modelul\u00a0<span class=\"dia_suggestion w50\">poart\u0103<\/span>\u00a0<span class=\"dia_suggestion w51\">m\u0103rimea<\/span>\u00a0M<br \/>\n<span class=\"dia_suggestion w53\">M\u0103surile<\/span>\u00a0modelului:\u00a0<span class=\"dia_suggestion w55\">\u00een\u0103l\u021bime<\/span>\u00a0175 cm, bust 90 cm, talie 70 cm,\u00a0<span class=\"dia_suggestion w61\">sold<\/span>\u00a094 cm<\/p>\n<p><span class=\"dia_suggestion w63\">\u00cengrijire<\/span>\u00a0\u2013 Articolul este un produs de\u00a0<span class=\"dia_suggestion w69\">\u00eenalta<\/span>\u00a0calitate\u00a0<span class=\"dia_suggestion w71\">confec\u021bionat<\/span>\u00a0<span class=\"dia_suggestion w6\"><span class=\"dia_suggestion w30\"><span class=\"dia_suggestion w72\">din<\/span><\/span><\/span>\u00a0materiale premium\u00a0<span class=\"dia_suggestion w75\">\u0219i<\/span>\u00a0<span class=\"dia_suggestion w76\">necesit\u0103<\/span>\u00a0<span class=\"dia_suggestion w77\">\u00eengrijire<\/span>\u00a0<span class=\"dia_suggestion w78\">\u0219i<\/span>\u00a0<span class=\"dia_suggestion w79\">cur\u0103\u021bare<\/span>\u00a0<span class=\"dia_suggestion w80\">special\u0103<\/span>.<br \/>\n<span class=\"dia_suggestion_done w81\">V\u0103<\/span>\u00a0<span class=\"dia_suggestion w82\">rug\u0103m<\/span>\u00a0<span class=\"dia_suggestion w83\">s\u0103<\/span>\u00a0<span class=\"dia_suggestion w84\">urm\u0103ri\u021bi<\/span>\u00a0<span class=\"dia_suggestion w85\">recomand\u0103rile<\/span>\u00a0de pe\u00a0<span class=\"dia_suggestion_done w88\">etichet\u0103<\/span>!<\/p>\n<p><strong>Acest model\u00a0<span class=\"dia_suggestion w91\">se<\/span>\u00a0poate\u00a0<span class=\"dia_suggestion w93\">personaliza<\/span>\u00a0<span class=\"dia_suggestion w20\">\u00een<\/span>\u00a0<span class=\"dia_suggestion w95\">func\u021bie<\/span>\u00a0de dimensiunile dorite, cu\u00a0<span class=\"dia_suggestion w100\">obliga\u021bia<\/span>\u00a0de a ne contacta\u00a0<span class=\"dia_suggestion w105\">\u00eenainte<\/span>\u00a0de plasarea comenzii.<\/strong><br \/>\n<strong><span class=\"dia_suggestion w109\">Pute\u021bi<\/span>\u00a0folosii\u00a0<a href=\"https:\/\/ivanastore.ro\/en\/contact\/\">FORMULAR DE CONTACT<\/a>\u00a0<span class=\"dia_suggestion w114\">sau<\/span>\u00a0direct\u00a0<span class=\"dia_suggestion w10\"><span class=\"dia_suggestion w116\">la<\/span><\/span>\u00a0<a href=\"mailto:contact@ivanastore.ro\">contact@ivanastore.ro<\/a><\/strong><br \/>\n<strong><span class=\"dia_suggestion w120\">Pre\u021bul<\/span>\u00a0poate varia\u00a0<span class=\"dia_suggestion w20\">\u00een<\/span>\u00a0<span class=\"dia_suggestion w95\">func\u021bie<\/span>\u00a0de\u00a0<span class=\"dia_suggestion w126\">modific\u0103rile<\/span>\u00a0dorite.<\/strong><\/p>","protected":false},"excerpt":{"rendered":"<p>Model amplu cu\u00a0m\u00e2nec\u0103\u00a0lung\u0103, realizat\u00a0din\u00a0100%\u00a0In\u00a0prespalat,\u00a0pl\u0103cut\u00a0la\u00a0atingere. Rochia este prev\u0103zut\u0103 cu c\u0103ptu\u0219eal\u0103 din 100% vascoza Broderia are un design propriu stilizat inspirat\u00a0din folclorul romanesc. Culoare \u2013 Gri antic Broderie \u2013 Rosu \/ Verde Accent \u2013 verde olive Accesorii - cordon pentru a pune\u00a0\u00een\u00a0eviden\u021b\u0103\u00a0talia. Material \u2013 100%\u00a0In\u00a0prespalat\u00a0provenien\u021b\u0103\u00a0Rom\u00e2nia Accente \u2013\u00a0\u0219nur\u00a0100% polyester Modelul\u00a0poart\u0103\u00a0m\u0103rimea\u00a0M M\u0103surile\u00a0modelului:\u00a0\u00een\u0103l\u021bime\u00a0175 cm, bust 90 cm, talie 70 cm,\u00a0sold\u00a094 [&hellip;]<\/p>\n","protected":false},"featured_media":1538,"comment_status":"open","ping_status":"closed","template":"","meta":[],"product_cat":[27,34],"product_tag":[],"class_list":["post-1536","product","type-product","status-publish","has-post-thumbnail","hentry","product_cat-femei","product_cat-rochii"],"_links":{"self":[{"href":"https:\/\/ivanastore.ro\/en\/wp-json\/wp\/v2\/product\/1536","targetHints":{"allow":["GET"]}}],"collection":[{"href":"https:\/\/ivanastore.ro\/en\/wp-json\/wp\/v2\/product"}],"about":[{"href":"https:\/\/ivanastore.ro\/en\/wp-json\/wp\/v2\/types\/product"}],"replies":[{"embeddable":true,"href":"https:\/\/ivanastore.ro\/en\/wp-json\/wp\/v2\/comments?post=1536"}],"wp:featuredmedia":[{"embeddable":true,"href":"https:\/\/ivanastore.ro\/en\/wp-json\/wp\/v2\/media\/1538"}],"wp:attachment":[{"href":"https:\/\/ivanastore.ro\/en\/wp-json\/wp\/v2\/media?parent=1536"}],"wp:term":[{"taxonomy":"product_cat","embeddable":true,"href":"https:\/\/ivanastore.ro\/en\/wp-json\/wp\/v2\/product_cat?post=1536"},{"taxonomy":"product_tag","embeddable":true,"href":"https:\/\/ivanastore.ro\/en\/wp-json\/wp\/v2\/product_tag?post=1536"}],"curies":[{"name":"wp","href":"https:\/\/api.w.org\/{rel}","templated":true}]}}