{"id":1575,"date":"2022-12-13T14:04:22","date_gmt":"2022-12-13T11:04:22","guid":{"rendered":"https:\/\/ivanastore.ro\/?post_type=product&#038;p=1575"},"modified":"2023-02-10T00:58:13","modified_gmt":"2023-02-09T21:58:13","slug":"new-rochie-cocktail-indra","status":"publish","type":"product","link":"https:\/\/ivanastore.ro\/en\/p\/new-rochie-cocktail-indra\/","title":{"rendered":"NEW! Cocktail INDRA Dress"},"content":{"rendered":"<p>Model scurt\u00a0 \u201dA\u201d line\u00a0 cu\u00a0<span class=\"dia_suggestion w5\" contextmenu=\"true\">m\u00e2nec\u0103<\/span>\u00a0<span class=\"dia_suggestion w6\" contextmenu=\"true\">lung\u0103<\/span>,\u00a0<span class=\"dia_suggestion w7\" contextmenu=\"true\">\u00eenchidere<\/span>\u00a0cu nasturi\u00a0<span class=\"dia_suggestion w10\" contextmenu=\"true\">\u0219i<\/span>\u00a0<span class=\"dia_suggestion w11\" contextmenu=\"true\">man\u0219ete<\/span>\u00a0brodate.<br \/>\nRochia este prev\u0103zut\u0103 cu c\u0103ptu\u0219eal\u0103 din 100% v\u00e2scoz\u0103.<br \/>\nBroderia are un design propriu stilizat ce con\u021bine elemente din folclorul rom\u00e2nesc si este realizat\u0103 din 120.000 de \u00eempuns\u0103turi de ac.<br \/>\nCuloare \u2013 Negru<br \/>\nBroderie \u2013 Albastru \/ Turqoise \/ Silver<br \/>\nMaterial \u2013 90% <span class=\"dia_suggestion w0\" contextmenu=\"true\">stof\u0103<\/span>\u00a0<span class=\"dia_suggestion w1\" contextmenu=\"true\">din<\/span>\u00a0<span class=\"dia_suggestion w2\" contextmenu=\"true\">l\u00e2n\u0103<\/span> ,\u00a0 10% <span class=\"dia_suggestion w3\" contextmenu=\"true\">v\u00e2scoz\u0103<\/span><\/p>\n<p>Modelul\u00a0<span class=\"dia_suggestion w43\">poart\u0103<\/span>\u00a0m\u0103rimea S<br \/>\n<span class=\"dia_suggestion w46\">M\u0103surile<\/span>\u00a0modelului:\u00a0<span class=\"dia_suggestion w48\">\u00cen\u0103l\u021bime<\/span>\u00a0165 cm, bust 88 cm, talie 68 cm,\u00a0<span class=\"dia_suggestion_done w54\">\u0219old<\/span>\u00a092 cm<\/p>\n<p><span class=\"dia_suggestion w56\">\u00cengrijire<\/span>\u00a0\u2013 Articolul este un produs de\u00a0<span class=\"dia_suggestion w62\">\u00eenalta<\/span>\u00a0calitate\u00a0<span class=\"dia_suggestion w64\">confec\u021bionat<\/span>\u00a0<span class=\"dia_suggestion w6\"><span class=\"dia_suggestion w28\"><span class=\"dia_suggestion w65\">din<\/span><\/span><\/span>\u00a0materiale premium\u00a0<span class=\"dia_suggestion w68\">\u0219i<\/span>\u00a0<span class=\"dia_suggestion w69\">necesit\u0103<\/span>\u00a0<span class=\"dia_suggestion w70\">\u00eengrijire<\/span>\u00a0<span class=\"dia_suggestion w71\">\u0219i<\/span>\u00a0<span class=\"dia_suggestion w72\">cur\u0103\u021bare<\/span>\u00a0<span class=\"dia_suggestion w73\">special\u0103<\/span>.<br \/>\n<span class=\"dia_suggestion_done w74\">V\u0103<\/span>\u00a0<span class=\"dia_suggestion w75\">rug\u0103m<\/span>\u00a0<span class=\"dia_suggestion w76\">s\u0103<\/span>\u00a0<span class=\"dia_suggestion w77\">urm\u0103ri\u021bi<\/span>\u00a0<span class=\"dia_suggestion w78\">recomand\u0103rile<\/span>\u00a0de pe\u00a0<span class=\"dia_suggestion_done w81\">etichet\u0103<\/span>!<\/p>\n<p><strong>Acest model\u00a0<span class=\"dia_suggestion w84\">se<\/span>\u00a0poate\u00a0<span class=\"dia_suggestion w86\">personaliza<\/span>\u00a0<span class=\"dia_suggestion w87\">\u00een<\/span>\u00a0<span class=\"dia_suggestion w88\">func\u021bie<\/span>\u00a0de dimensiunile dorite, cu\u00a0<span class=\"dia_suggestion w93\">obliga\u021bia<\/span>\u00a0de a ne contacta\u00a0<span class=\"dia_suggestion w98\">\u00eenainte<\/span>\u00a0de plasarea comenzii.<\/strong><br \/>\n<strong><span class=\"dia_suggestion w102\">Pute\u021bi<\/span> folosi\u00a0<a href=\"https:\/\/ivanastore.ro\/en\/contact\/\">FORMULAR DE CONTACT<\/a>\u00a0<span class=\"dia_suggestion w107\">sau<\/span>\u00a0direct\u00a0<span class=\"dia_suggestion w109\">la<\/span>\u00a0<a href=\"mailto:contact@ivanastore.ro\">contact@ivanastore.ro<\/a><\/strong><br \/>\n<strong><span class=\"dia_suggestion w113\">Pre\u021bul<\/span>\u00a0poate varia\u00a0<span class=\"dia_suggestion w87\">\u00een<\/span>\u00a0<span class=\"dia_suggestion w88\">func\u021bie<\/span>\u00a0de\u00a0<span class=\"dia_suggestion w119\">modific\u0103rile<\/span>\u00a0dorite.<\/strong><\/p>","protected":false},"excerpt":{"rendered":"<p>Model scurt\u00a0 \u201dA\u201d line\u00a0 cu\u00a0m\u00e2nec\u0103\u00a0lung\u0103,\u00a0\u00eenchidere\u00a0cu nasturi\u00a0\u0219i\u00a0man\u0219ete\u00a0brodate. Rochia este prev\u0103zut\u0103 cu c\u0103ptu\u0219eal\u0103 din 100% v\u00e2scoz\u0103. Broderia are un design propriu stilizat ce con\u021bine elemente din folclorul rom\u00e2nesc si este realizat\u0103 din 120.000 de \u00eempuns\u0103turi de ac. Culoare \u2013 Negru Broderie \u2013 Albastru \/ Turqoise \/ Silver Material \u2013 90% stof\u0103\u00a0din\u00a0l\u00e2n\u0103 ,\u00a0 10% v\u00e2scoz\u0103 Modelul\u00a0poart\u0103\u00a0m\u0103rimea S M\u0103surile\u00a0modelului:\u00a0\u00cen\u0103l\u021bime\u00a0165 [&hellip;]<\/p>\n","protected":false},"featured_media":1670,"comment_status":"open","ping_status":"closed","template":"","meta":[],"product_cat":[27,34],"product_tag":[],"class_list":["post-1575","product","type-product","status-publish","has-post-thumbnail","hentry","product_cat-femei","product_cat-rochii"],"_links":{"self":[{"href":"https:\/\/ivanastore.ro\/en\/wp-json\/wp\/v2\/product\/1575","targetHints":{"allow":["GET"]}}],"collection":[{"href":"https:\/\/ivanastore.ro\/en\/wp-json\/wp\/v2\/product"}],"about":[{"href":"https:\/\/ivanastore.ro\/en\/wp-json\/wp\/v2\/types\/product"}],"replies":[{"embeddable":true,"href":"https:\/\/ivanastore.ro\/en\/wp-json\/wp\/v2\/comments?post=1575"}],"wp:featuredmedia":[{"embeddable":true,"href":"https:\/\/ivanastore.ro\/en\/wp-json\/wp\/v2\/media\/1670"}],"wp:attachment":[{"href":"https:\/\/ivanastore.ro\/en\/wp-json\/wp\/v2\/media?parent=1575"}],"wp:term":[{"taxonomy":"product_cat","embeddable":true,"href":"https:\/\/ivanastore.ro\/en\/wp-json\/wp\/v2\/product_cat?post=1575"},{"taxonomy":"product_tag","embeddable":true,"href":"https:\/\/ivanastore.ro\/en\/wp-json\/wp\/v2\/product_tag?post=1575"}],"curies":[{"name":"wp","href":"https:\/\/api.w.org\/{rel}","templated":true}]}}