{"id":1844,"date":"2023-02-10T00:46:22","date_gmt":"2023-02-09T21:46:22","guid":{"rendered":"https:\/\/ivanastore.ro\/?post_type=product&#038;p=1844"},"modified":"2023-02-10T00:46:58","modified_gmt":"2023-02-09T21:46:58","slug":"new-camasa-iia-blue","status":"publish","type":"product","link":"https:\/\/ivanastore.ro\/en\/p\/new-camasa-iia-blue\/","title":{"rendered":"NEW! C\u0103ma\u0219\u0103 IIA BLUE"},"content":{"rendered":"<p>Model cu\u00a0<span class=\"dia_suggestion w2\">m\u00e2nec\u0103<\/span>\u00a0\u00a0<span class=\"dia_suggestion w3\">supradimensionat\u0103<\/span>, realizat\u00a0<span class=\"dia_suggestion w5\"><span class=\"dia_suggestion w8\"><span class=\"dia_suggestion w50\">din<\/span><\/span><\/span>\u00a0<span class=\"dia_suggestion w6\">p\u00e2nz\u0103<\/span>\u00a0<span class=\"dia_suggestion w7\">topit\u0103<\/span>\u00a0din 100%\u00a0 bumbac de\u00a0<span class=\"dia_suggestion w11\">cea<\/span>\u00a0<span class=\"dia_suggestion w12\">mai<\/span>\u00a0<span class=\"dia_suggestion w13\">bun\u0103<\/span>\u00a0calitate, cu un\u00a0<span class=\"dia_suggestion w17\">tu\u0219eu<\/span>\u00a0catifelat.<br \/>\n<span class=\"dia_suggestion w19\">C\u0103ma\u0219a<\/span>\u00a0are\u00a0<span class=\"dia_suggestion w21\">\u00eenchidere<\/span>\u00a0cu nasturi.<\/p>\n<p>Broderia are un design propriu stilizat ce con\u021bine elemente din folclorul rom\u00e2nesc\u00a0<span class=\"dia_suggestion w17\">\u0219<\/span>i este realizat\u0103 din 210.000 de \u00eempuns\u0103turi de ac.<\/p>\n<p>Material \u2013 100% bumbac\u00a0<span class=\"dia_suggestion w28\">provenien\u021b\u0103<\/span>\u00a0Romania<\/p>\n<p>Culoare \u2013 Alb<br \/>\nBroderie \u2013 Albastru<\/p>\n<p>Modelul\u00a0<span class=\"dia_suggestion w43\">poart\u0103<\/span>\u00a0m\u0103rimea S<br \/>\n<span class=\"dia_suggestion w46\">M\u0103surile<\/span>\u00a0modelului:\u00a0<span class=\"dia_suggestion w48\">\u00cen\u0103l\u021bime<\/span>\u00a0165 cm, bust 88 cm, talie 68 cm,\u00a0<span class=\"dia_suggestion_done w54\">\u0219old<\/span>\u00a092 cm<\/p>\n<p><span class=\"dia_suggestion w41\">\u00cengrijire<\/span>\u00a0\u2013 Articolul este un produs de\u00a0<span class=\"dia_suggestion w47\">\u00eenalta<\/span>\u00a0calitate\u00a0<span class=\"dia_suggestion w49\">confec\u021bionat<\/span>\u00a0<span class=\"dia_suggestion w5\"><span class=\"dia_suggestion w8\"><span class=\"dia_suggestion w50\">din<\/span><\/span><\/span>\u00a0materiale premium\u00a0<span class=\"dia_suggestion w53\">\u0219i<\/span>\u00a0<span class=\"dia_suggestion w54\">necesit\u0103<\/span>\u00a0<span class=\"dia_suggestion w55\">\u00eengrijire<\/span>\u00a0<span class=\"dia_suggestion w56\">\u0219i<\/span>\u00a0<span class=\"dia_suggestion w57\">cur\u0103\u021bare<\/span>\u00a0<span class=\"dia_suggestion w58\">special\u0103<\/span>.<br \/>\n<span class=\"dia_suggestion w59\">Va<\/span>\u00a0<span class=\"dia_suggestion w60\">rug\u0103m<\/span>\u00a0<span class=\"dia_suggestion w61\">s\u0103<\/span>\u00a0<span class=\"dia_suggestion w62\">urm\u0103ri\u021bi<\/span>\u00a0<span class=\"dia_suggestion w63\">recomand\u0103rile<\/span>\u00a0de pe\u00a0<span class=\"dia_suggestion w66\">etichet<span class=\"dia_suggestion w28\">\u0103<\/span><\/span>!<\/p>","protected":false},"excerpt":{"rendered":"<p>Model cu\u00a0m\u00e2nec\u0103\u00a0\u00a0supradimensionat\u0103, realizat\u00a0din\u00a0p\u00e2nz\u0103\u00a0topit\u0103\u00a0din 100%\u00a0 bumbac de\u00a0cea\u00a0mai\u00a0bun\u0103\u00a0calitate, cu un\u00a0tu\u0219eu\u00a0catifelat. C\u0103ma\u0219a\u00a0are\u00a0\u00eenchidere\u00a0cu nasturi. Broderia are un design propriu stilizat ce con\u021bine elemente din folclorul rom\u00e2nesc\u00a0\u0219i este realizat\u0103 din 210.000 de \u00eempuns\u0103turi de ac. Material \u2013 100% bumbac\u00a0provenien\u021b\u0103\u00a0Romania Culoare \u2013 Alb Broderie \u2013 Albastru Modelul\u00a0poart\u0103\u00a0m\u0103rimea S M\u0103surile\u00a0modelului:\u00a0\u00cen\u0103l\u021bime\u00a0165 cm, bust 88 cm, talie 68 cm,\u00a0\u0219old\u00a092 cm \u00cengrijire\u00a0\u2013 Articolul este un [&hellip;]<\/p>\n","protected":false},"featured_media":1818,"comment_status":"open","ping_status":"closed","template":"","meta":[],"product_cat":[33,27],"product_tag":[],"class_list":["post-1844","product","type-product","status-publish","has-post-thumbnail","hentry","product_cat-camasi-femei","product_cat-femei"],"_links":{"self":[{"href":"https:\/\/ivanastore.ro\/en\/wp-json\/wp\/v2\/product\/1844","targetHints":{"allow":["GET"]}}],"collection":[{"href":"https:\/\/ivanastore.ro\/en\/wp-json\/wp\/v2\/product"}],"about":[{"href":"https:\/\/ivanastore.ro\/en\/wp-json\/wp\/v2\/types\/product"}],"replies":[{"embeddable":true,"href":"https:\/\/ivanastore.ro\/en\/wp-json\/wp\/v2\/comments?post=1844"}],"wp:featuredmedia":[{"embeddable":true,"href":"https:\/\/ivanastore.ro\/en\/wp-json\/wp\/v2\/media\/1818"}],"wp:attachment":[{"href":"https:\/\/ivanastore.ro\/en\/wp-json\/wp\/v2\/media?parent=1844"}],"wp:term":[{"taxonomy":"product_cat","embeddable":true,"href":"https:\/\/ivanastore.ro\/en\/wp-json\/wp\/v2\/product_cat?post=1844"},{"taxonomy":"product_tag","embeddable":true,"href":"https:\/\/ivanastore.ro\/en\/wp-json\/wp\/v2\/product_tag?post=1844"}],"curies":[{"name":"wp","href":"https:\/\/api.w.org\/{rel}","templated":true}]}}