{"id":1886,"date":"2023-05-08T08:51:54","date_gmt":"2023-05-08T05:51:54","guid":{"rendered":"https:\/\/ivanastore.ro\/?post_type=product&#038;p=1886"},"modified":"2023-05-22T09:34:48","modified_gmt":"2023-05-22T06:34:48","slug":"new-rochie-magda-black","status":"publish","type":"product","link":"https:\/\/ivanastore.ro\/en\/p\/new-rochie-magda-black\/","title":{"rendered":"NEW! Rochie MAGDA Black, 100% IN"},"content":{"rendered":"<p>Model midi cu m\u00e2nec\u0103 ampl<span class=\"dia_suggestion w23\">\u0103, \u00ee<\/span><span class=\"dia_suggestion w20\">nchidere<\/span>\u00a0cu nasturi,\u00a0<span class=\"dia_suggestion w23\">prev\u0103zut\u0103<\/span>\u00a0cu buzunare laterale \u0219i cordon pentru a pune \u00een\u00a0<span class=\"dia_suggestion w33\">eviden\u021b\u0103<\/span>\u00a0talia.<\/p>\n<p>Broderia are un design propriu stilizat ce con\u021bine elemente din folclorul rom\u00e2nesc.<\/p>\n<p>Culoare broderie \u2013 Auriu<\/p>\n<p>Material \u2013 100% in<\/p>\n<p>Captu\u0219eal\u0103- 100% matase vegetala<\/p>\n<p>Accente - snur cu perle metalice<\/p>\n<p>Modelul\u00a0poart\u0103\u00a0m\u0103rimea S<br \/>\nM\u0103surile\u00a0modelului:\u00a0\u00cen\u0103l\u021bime\u00a0165 cm, bust 88 cm, talie 68 cm,\u00a0\u0219old\u00a092 cm<\/p>\n<p>\u00cengrijire\u00a0\u2013 Articolul este un produs de\u00a0\u00eenalta\u00a0calitate\u00a0confec\u021bionat\u00a0din\u00a0materiale premium\u00a0\u0219i\u00a0necesit\u0103\u00a0\u00eengrijire\u00a0\u0219i\u00a0cur\u0103\u021bare\u00a0special\u0103.<br \/>\nV\u0103\u00a0rug\u0103m\u00a0s\u0103\u00a0urm\u0103ri\u021bi\u00a0recomand\u0103rile\u00a0de pe\u00a0etichet\u0103!<\/p>\n<p><strong>Acest model\u00a0<\/strong><strong>se<\/strong><strong>\u00a0poate\u00a0<\/strong><strong>personaliza<\/strong><strong>\u00a0<\/strong><strong>\u00een<\/strong><strong>\u00a0<\/strong><strong>func\u021bie<\/strong><strong>\u00a0de dimensiunile dorite, cu\u00a0<\/strong><strong>obliga\u021bia<\/strong><strong>\u00a0de a ne contacta\u00a0<\/strong><strong>\u00eenainte<\/strong><strong>\u00a0de plasarea comenzii.<\/strong><br \/>\n<strong>Pute\u021bi<\/strong><strong>\u00a0folosi\u00a0<a href=\"https:\/\/ivanastore.ro\/en\/contact\/\">FORMULAR DE CONTACT<\/a>\u00a0<\/strong><strong>sau<\/strong><strong>\u00a0direct\u00a0<\/strong><strong>la<\/strong><strong>\u00a0<a href=\"mailto:contact@ivanastore.ro\">contact@ivanastore.ro<\/a><\/strong><br \/>\n<strong>Pre\u021bul<\/strong><strong>\u00a0poate varia\u00a0<\/strong><strong>\u00een<\/strong><strong>\u00a0<\/strong><strong>func\u021bie<\/strong><strong>\u00a0de\u00a0<\/strong><strong>modific\u0103rile<\/strong><strong>\u00a0dorite.<\/strong><\/p>","protected":false},"excerpt":{"rendered":"<p>Model midi cu m\u00e2nec\u0103 ampl\u0103, \u00eenchidere\u00a0cu nasturi,\u00a0prev\u0103zut\u0103\u00a0cu buzunare laterale \u0219i cordon pentru a pune \u00een\u00a0eviden\u021b\u0103\u00a0talia. Broderia are un design propriu stilizat ce con\u021bine elemente din folclorul rom\u00e2nesc. Culoare broderie \u2013 Auriu Material \u2013 100% in Captu\u0219eal\u0103- 100% matase vegetala Accente - snur cu perle metalice Modelul\u00a0poart\u0103\u00a0m\u0103rimea S M\u0103surile\u00a0modelului:\u00a0\u00cen\u0103l\u021bime\u00a0165 cm, bust 88 cm, talie 68 cm,\u00a0\u0219old\u00a092 [&hellip;]<\/p>\n","protected":false},"featured_media":1889,"comment_status":"open","ping_status":"closed","template":"","meta":[],"product_cat":[27,34],"product_tag":[],"class_list":["post-1886","product","type-product","status-publish","has-post-thumbnail","hentry","product_cat-femei","product_cat-rochii"],"_links":{"self":[{"href":"https:\/\/ivanastore.ro\/en\/wp-json\/wp\/v2\/product\/1886","targetHints":{"allow":["GET"]}}],"collection":[{"href":"https:\/\/ivanastore.ro\/en\/wp-json\/wp\/v2\/product"}],"about":[{"href":"https:\/\/ivanastore.ro\/en\/wp-json\/wp\/v2\/types\/product"}],"replies":[{"embeddable":true,"href":"https:\/\/ivanastore.ro\/en\/wp-json\/wp\/v2\/comments?post=1886"}],"wp:featuredmedia":[{"embeddable":true,"href":"https:\/\/ivanastore.ro\/en\/wp-json\/wp\/v2\/media\/1889"}],"wp:attachment":[{"href":"https:\/\/ivanastore.ro\/en\/wp-json\/wp\/v2\/media?parent=1886"}],"wp:term":[{"taxonomy":"product_cat","embeddable":true,"href":"https:\/\/ivanastore.ro\/en\/wp-json\/wp\/v2\/product_cat?post=1886"},{"taxonomy":"product_tag","embeddable":true,"href":"https:\/\/ivanastore.ro\/en\/wp-json\/wp\/v2\/product_tag?post=1886"}],"curies":[{"name":"wp","href":"https:\/\/api.w.org\/{rel}","templated":true}]}}