{"id":1914,"date":"2023-08-30T14:39:37","date_gmt":"2023-08-30T11:39:37","guid":{"rendered":"https:\/\/ivanastore.ro\/?post_type=product&#038;p=1914"},"modified":"2023-08-30T14:44:30","modified_gmt":"2023-08-30T11:44:30","slug":"rochie-rosa-azaro-midi-cu-guler-100-in-premium","status":"publish","type":"product","link":"https:\/\/ivanastore.ro\/en\/p\/rochie-rosa-azaro-midi-cu-guler-100-in-premium\/","title":{"rendered":"Rochie Rosa Azaro, midi, cu guler, 100% IN Premium"},"content":{"rendered":"<p>Model amplu cu m\u00e2nec\u0103 lung\u0103, de lungime midi, realizat din 100% In premium, prev\u0103zut\u0103 cu cordon ce pune \u00een eviden\u021b\u0103 talia.<br \/>\n\u00cenchidere cu nasturi pe partea din fa\u021b\u0103. Rochia este prev\u0103zut\u0103 cu c\u0103ptu\u0219eal\u0103.<br \/>\nBroderia are un design propriu, stilizat ce con\u021bine elemente din folclorul rom\u00e2nesc moldovenesc.<br \/>\nCuloare Alb natural<br \/>\nBroderie Albastru<br \/>\nAccente Albastru<br \/>\nMaterial 100% In Premium provenien\u021b\u0103 Spania<br \/>\nModelul poart\u0103 m\u0103rimea S<br \/>\n\u00cengrijire Articolul este un produs de \u00eenalta calitate confec\u021bionat din materiale premium \u0219i necesit\u0103 \u00eengrijire \u0219i cur\u0103\u021bare special\u0103.<br \/>\nV\u0103 rug\u0103m s\u0103 urm\u0103ri\u021bi recomand\u0103rile de pe etichet\u0103!<br \/>\nAcest model se poate personaliza \u00een func\u021bie de dimensiunile dorite, cu obliga\u021bia de a ne contacta \u00eenainte de plasarea comenzii.<\/p>\n<p><strong>Pute\u021bi<\/strong><strong>\u00a0folosi\u00a0<a href=\"https:\/\/ivanastore.ro\/en\/contact\/\">FORMULAR DE CONTACT<\/a>\u00a0<\/strong><strong>sau<\/strong><strong>\u00a0direct\u00a0<\/strong><strong>la<\/strong><strong>\u00a0<a href=\"mailto:contact@ivanastore.ro\">contact@ivanastore.ro<\/a><\/strong><br \/>\n<strong>Pre\u021bul<\/strong><strong>\u00a0poate varia\u00a0<\/strong><strong>\u00een<\/strong><strong>\u00a0<\/strong><strong>func\u021bie<\/strong><strong>\u00a0de\u00a0<\/strong><strong>modific\u0103rile<\/strong><strong>\u00a0dorite.<\/strong><\/p>","protected":false},"excerpt":{"rendered":"<p>Model amplu cu m\u00e2nec\u0103 lung\u0103, de lungime midi, realizat din 100% In premium, prev\u0103zut\u0103 cu cordon ce pune \u00een eviden\u021b\u0103 talia. \u00cenchidere cu nasturi pe partea din fa\u021b\u0103. Rochia este prev\u0103zut\u0103 cu c\u0103ptu\u0219eal\u0103. Broderia are un design propriu, stilizat ce con\u021bine elemente din folclorul rom\u00e2nesc moldovenesc. Culoare Alb natural Broderie Albastru Accente Albastru Material 100% [&hellip;]<\/p>\n","protected":false},"featured_media":1918,"comment_status":"open","ping_status":"closed","template":"","meta":[],"product_cat":[27,25,34],"product_tag":[],"class_list":["post-1914","product","type-product","status-publish","has-post-thumbnail","hentry","product_cat-femei","product_cat-new","product_cat-rochii"],"_links":{"self":[{"href":"https:\/\/ivanastore.ro\/en\/wp-json\/wp\/v2\/product\/1914","targetHints":{"allow":["GET"]}}],"collection":[{"href":"https:\/\/ivanastore.ro\/en\/wp-json\/wp\/v2\/product"}],"about":[{"href":"https:\/\/ivanastore.ro\/en\/wp-json\/wp\/v2\/types\/product"}],"replies":[{"embeddable":true,"href":"https:\/\/ivanastore.ro\/en\/wp-json\/wp\/v2\/comments?post=1914"}],"wp:featuredmedia":[{"embeddable":true,"href":"https:\/\/ivanastore.ro\/en\/wp-json\/wp\/v2\/media\/1918"}],"wp:attachment":[{"href":"https:\/\/ivanastore.ro\/en\/wp-json\/wp\/v2\/media?parent=1914"}],"wp:term":[{"taxonomy":"product_cat","embeddable":true,"href":"https:\/\/ivanastore.ro\/en\/wp-json\/wp\/v2\/product_cat?post=1914"},{"taxonomy":"product_tag","embeddable":true,"href":"https:\/\/ivanastore.ro\/en\/wp-json\/wp\/v2\/product_tag?post=1914"}],"curies":[{"name":"wp","href":"https:\/\/api.w.org\/{rel}","templated":true}]}}