{"id":1921,"date":"2023-08-30T14:53:28","date_gmt":"2023-08-30T11:53:28","guid":{"rendered":"https:\/\/ivanastore.ro\/?post_type=product&#038;p=1921"},"modified":"2023-08-30T14:55:30","modified_gmt":"2023-08-30T11:55:30","slug":"rochie-marisa-blue-100-in-premium","status":"publish","type":"product","link":"https:\/\/ivanastore.ro\/en\/p\/rochie-marisa-blue-100-in-premium\/","title":{"rendered":"Rochie Marisa Blue, 100% IN Premium"},"content":{"rendered":"<p>Model amplu cu\u00a0<span class=\"diasuggestion\">m\u00e2nec\u0103<\/span>\u00a0<span class=\"diasuggestion\">lung\u0103<\/span>, realizat\u00a0<span class=\"diasuggestion\"><span class=\"dia_suggestion w6\" contextmenu=\"true\"><span class=\"dia_suggestion w33\" contextmenu=\"true\"><span class=\"dia_suggestion w39\" contextmenu=\"true\">din<\/span><\/span><\/span><\/span>\u00a0100%\u00a0<span class=\"diasuggestiondone\"><span class=\"dia_suggestion_done w7\" contextmenu=\"true\">In<\/span><\/span>\u00a0prespalat, placut la atingere.<br \/>\n<span class=\"diasuggestion\">Rochie prev\u0103zut\u0103<\/span>\u00a0cu buzunare laterale\u00a0<span class=\"diasuggestion\">\u0219i<\/span>\u00a0cordon pentru a pune\u00a0<span class=\"diasuggestion\">\u00een<\/span>\u00a0<span class=\"diasuggestion\">eviden\u021b\u0103<\/span>\u00a0talia, \u00eenchidere cu nasturi.<br \/>\nBroderia are un design propriu stilizat ce con\u021bine elemente\u00a0<span class=\"dia_suggestion w6\" contextmenu=\"true\"><span class=\"dia_suggestion w33\" contextmenu=\"true\"><span class=\"dia_suggestion w39\" contextmenu=\"true\">din<\/span><\/span><\/span>\u00a0folclorul rom\u00e2nesc\u00a0<span class=\"dia_suggestion w16\" contextmenu=\"true\">\u0219i<\/span>\u00a0este realizat\u0103 din 402.000 de \u00eempuns\u0103turi de ac.<br \/>\nMaterial \u2013 100% In presp<span class=\"diasuggestion\">\u0103<\/span>lat,\u00a0<span class=\"diasuggestion\">provenien\u021b\u0103<\/span>\u00a0<span class=\"diasuggestion\"><span class=\"dia_suggestion w48\" contextmenu=\"true\">Spania<\/span><\/span><\/p>\n<p>Culoare material: Albastru Royal<\/p>\n<p>Culoare broderie \u2013 Alb<br \/>\nAccente \u2013\u00a0<span class=\"dia_suggestion w16\" contextmenu=\"true\">\u0219<\/span><span class=\"diasuggestion\">nur<\/span>\u00a0100% Bumbac<\/p>\n<p>Modelul poart\u0103 m\u0103rimea S<\/p>\n<p>\u00cengrijire\u00a0\u2013 Articolul este un produs de\u00a0\u00eenalta\u00a0calitate\u00a0confec\u021bionat\u00a0din\u00a0materiale premium\u00a0\u0219i\u00a0necesit\u0103\u00a0\u00eengrijire\u00a0\u0219i\u00a0cur\u0103\u021bare\u00a0special\u0103.<br \/>\nV\u0103\u00a0rug\u0103m\u00a0s\u0103\u00a0urm\u0103ri\u021bi\u00a0recomand\u0103rile\u00a0de pe\u00a0etichet\u0103!<\/p>\n<p><strong>Acest model\u00a0<\/strong><strong>se<\/strong><strong>\u00a0poate\u00a0<\/strong><strong>personaliza<\/strong><strong>\u00a0<\/strong><strong>\u00een<\/strong><strong>\u00a0<\/strong><strong>func\u021bie<\/strong><strong>\u00a0de dimensiunile dorite, cu\u00a0<\/strong><strong>obliga\u021bia<\/strong><strong>\u00a0de a ne contacta\u00a0<\/strong><strong>\u00eenainte<\/strong><strong>\u00a0de plasarea comenzii.<\/strong><br \/>\n<strong>Pute\u021bi<\/strong><strong>\u00a0folosi\u00a0<a href=\"https:\/\/ivanastore.ro\/en\/contact\/\">FORMULAR DE CONTACT<\/a>\u00a0<\/strong><strong>sau<\/strong><strong>\u00a0direct\u00a0<\/strong><strong>la<\/strong><strong>\u00a0<a href=\"mailto:contact@ivanastore.ro\">contact@ivanastore.ro<\/a><\/strong><br \/>\n<strong>Pre\u021bul<\/strong><strong>\u00a0poate varia\u00a0<\/strong><strong>\u00een<\/strong><strong>\u00a0<\/strong><strong>func\u021bie<\/strong><strong>\u00a0de\u00a0<\/strong><strong>modific\u0103rile<\/strong><strong>\u00a0dorite.<\/strong><\/p>","protected":false},"excerpt":{"rendered":"<p>Model amplu cu\u00a0m\u00e2nec\u0103\u00a0lung\u0103, realizat\u00a0din\u00a0100%\u00a0In\u00a0prespalat, placut la atingere. Rochie prev\u0103zut\u0103\u00a0cu buzunare laterale\u00a0\u0219i\u00a0cordon pentru a pune\u00a0\u00een\u00a0eviden\u021b\u0103\u00a0talia, \u00eenchidere cu nasturi. Broderia are un design propriu stilizat ce con\u021bine elemente\u00a0din\u00a0folclorul rom\u00e2nesc\u00a0\u0219i\u00a0este realizat\u0103 din 402.000 de \u00eempuns\u0103turi de ac. Material \u2013 100% In presp\u0103lat,\u00a0provenien\u021b\u0103\u00a0Spania Culoare material: Albastru Royal Culoare broderie \u2013 Alb Accente \u2013\u00a0\u0219nur\u00a0100% Bumbac Modelul poart\u0103 m\u0103rimea S \u00cengrijire\u00a0\u2013 [&hellip;]<\/p>\n","protected":false},"featured_media":1927,"comment_status":"open","ping_status":"closed","template":"","meta":[],"product_cat":[27,25,34],"product_tag":[],"class_list":["post-1921","product","type-product","status-publish","has-post-thumbnail","hentry","product_cat-femei","product_cat-new","product_cat-rochii"],"_links":{"self":[{"href":"https:\/\/ivanastore.ro\/en\/wp-json\/wp\/v2\/product\/1921","targetHints":{"allow":["GET"]}}],"collection":[{"href":"https:\/\/ivanastore.ro\/en\/wp-json\/wp\/v2\/product"}],"about":[{"href":"https:\/\/ivanastore.ro\/en\/wp-json\/wp\/v2\/types\/product"}],"replies":[{"embeddable":true,"href":"https:\/\/ivanastore.ro\/en\/wp-json\/wp\/v2\/comments?post=1921"}],"wp:featuredmedia":[{"embeddable":true,"href":"https:\/\/ivanastore.ro\/en\/wp-json\/wp\/v2\/media\/1927"}],"wp:attachment":[{"href":"https:\/\/ivanastore.ro\/en\/wp-json\/wp\/v2\/media?parent=1921"}],"wp:term":[{"taxonomy":"product_cat","embeddable":true,"href":"https:\/\/ivanastore.ro\/en\/wp-json\/wp\/v2\/product_cat?post=1921"},{"taxonomy":"product_tag","embeddable":true,"href":"https:\/\/ivanastore.ro\/en\/wp-json\/wp\/v2\/product_tag?post=1921"}],"curies":[{"name":"wp","href":"https:\/\/api.w.org\/{rel}","templated":true}]}}