{"id":1940,"date":"2023-10-22T19:15:03","date_gmt":"2023-10-22T16:15:03","guid":{"rendered":"https:\/\/ivanastore.ro\/?post_type=product&#038;p=1940"},"modified":"2023-11-23T14:25:09","modified_gmt":"2023-11-23T11:25:09","slug":"jacheta-din-lana-cu-broderie-mirelle","status":"publish","type":"product","link":"https:\/\/ivanastore.ro\/en\/p\/jacheta-din-lana-cu-broderie-mirelle\/","title":{"rendered":"Jachet\u0103 Mirelle, din l\u00e2n\u0103, broderie verde"},"content":{"rendered":"<p>Model scurt cu\u00a0m\u00e2nec\u0103\u00a0supradimensionat\u0103, realizat\u00a0din stof\u0103 de l\u00e2n\u0103.<br \/>\nJacheta\u00a0are\u00a0\u00eenchidere cu nasturi \u0219i\u00a0este\u00a0prev\u0103zut\u0103\u00a0cu buzunare laterale.<br \/>\nBroderia are un design propriu stilizat inspirat\u00a0din\u00a0folclorul\u00a0rom\u00e2nesc.<br \/>\nCuloare \u2013 Negru<br \/>\nBroderie \u2013 Verde<br \/>\nMaterial \u2013 70% l\u00e2n\u0103 si 30% v\u00e2scoz\u0103<br \/>\nC\u0103ptu\u0219eal\u0103 \u2013 100% v\u00e2scoz\u0103<\/p>\n<p>Modelul\u00a0poart\u0103\u00a0m\u0103rimea S<br \/>\nM\u0103surile\u00a0modelului:\u00a0\u00cen\u0103l\u021bime\u00a0165 cm, bust 88 cm, talie 68 cm,\u00a0\u0219old\u00a092 cm<\/p>\n<p>\u00cengrijire\u00a0\u2013 Articolul este un produs de\u00a0\u00eenalta\u00a0calitate\u00a0confec\u021bionat\u00a0din\u00a0materiale premium\u00a0\u0219i\u00a0necesit\u0103\u00a0\u00eengrijire\u00a0\u0219i\u00a0cur\u0103\u021bare\u00a0special\u0103.<br \/>\nV\u0103\u00a0rug\u0103m\u00a0s\u0103\u00a0urm\u0103ri\u021bi\u00a0recomand\u0103rile\u00a0de pe\u00a0etichet\u0103!<\/p>\n<p><strong>Acest model\u00a0<\/strong><strong>se<\/strong><strong>\u00a0poate\u00a0<\/strong><strong>personaliza<\/strong><strong>\u00a0<\/strong><strong>\u00een<\/strong><strong>\u00a0<\/strong><strong>func\u021bie<\/strong><strong>\u00a0de dimensiunile dorite, cu\u00a0<\/strong><strong>obliga\u021bia<\/strong><strong>\u00a0de a ne contacta\u00a0<\/strong><strong>\u00eenainte<\/strong><strong>\u00a0de plasarea comenzii.<\/strong><\/p>\n<p><strong>Pute\u021bi<\/strong><strong>\u00a0folosi\u00a0<a href=\"https:\/\/ivanastore.ro\/en\/contact\/\">FORMULAR DE CONTACT<\/a>\u00a0<\/strong><strong>sau<\/strong><strong>\u00a0direct\u00a0<\/strong><strong>la<\/strong><strong>\u00a0<a href=\"mailto:contact@ivanastore.ro\">contact@ivanastore.ro<\/a><\/strong><br \/>\n<strong>Pre\u021bul<\/strong><strong>\u00a0poate varia\u00a0<\/strong><strong>\u00een<\/strong><strong>\u00a0<\/strong><strong>func\u021bie<\/strong><strong>\u00a0de\u00a0<\/strong><strong>modific\u0103rile<\/strong><strong>\u00a0dorite.<\/strong><\/p>\n<p>&nbsp;<\/p>","protected":false},"excerpt":{"rendered":"<p>Model scurt cu\u00a0m\u00e2nec\u0103\u00a0supradimensionat\u0103, realizat\u00a0din stof\u0103 de l\u00e2n\u0103. Jacheta\u00a0are\u00a0\u00eenchidere cu nasturi \u0219i\u00a0este\u00a0prev\u0103zut\u0103\u00a0cu buzunare laterale. Broderia are un design propriu stilizat inspirat\u00a0din\u00a0folclorul\u00a0rom\u00e2nesc. Culoare \u2013 Negru Broderie \u2013 Verde Material \u2013 70% l\u00e2n\u0103 si 30% v\u00e2scoz\u0103 C\u0103ptu\u0219eal\u0103 \u2013 100% v\u00e2scoz\u0103 Modelul\u00a0poart\u0103\u00a0m\u0103rimea S M\u0103surile\u00a0modelului:\u00a0\u00cen\u0103l\u021bime\u00a0165 cm, bust 88 cm, talie 68 cm,\u00a0\u0219old\u00a092 cm \u00cengrijire\u00a0\u2013 Articolul este un produs de\u00a0\u00eenalta\u00a0calitate\u00a0confec\u021bionat\u00a0din\u00a0materiale premium\u00a0\u0219i\u00a0necesit\u0103\u00a0\u00eengrijire\u00a0\u0219i\u00a0cur\u0103\u021bare\u00a0special\u0103. [&hellip;]<\/p>\n","protected":false},"featured_media":1941,"comment_status":"open","ping_status":"closed","template":"","meta":[],"product_cat":[27,43,35,25],"product_tag":[],"class_list":["post-1940","product","type-product","status-publish","has-post-thumbnail","hentry","product_cat-femei","product_cat-jachete-fete","product_cat-jachete-femei","product_cat-new"],"_links":{"self":[{"href":"https:\/\/ivanastore.ro\/en\/wp-json\/wp\/v2\/product\/1940","targetHints":{"allow":["GET"]}}],"collection":[{"href":"https:\/\/ivanastore.ro\/en\/wp-json\/wp\/v2\/product"}],"about":[{"href":"https:\/\/ivanastore.ro\/en\/wp-json\/wp\/v2\/types\/product"}],"replies":[{"embeddable":true,"href":"https:\/\/ivanastore.ro\/en\/wp-json\/wp\/v2\/comments?post=1940"}],"wp:featuredmedia":[{"embeddable":true,"href":"https:\/\/ivanastore.ro\/en\/wp-json\/wp\/v2\/media\/1941"}],"wp:attachment":[{"href":"https:\/\/ivanastore.ro\/en\/wp-json\/wp\/v2\/media?parent=1940"}],"wp:term":[{"taxonomy":"product_cat","embeddable":true,"href":"https:\/\/ivanastore.ro\/en\/wp-json\/wp\/v2\/product_cat?post=1940"},{"taxonomy":"product_tag","embeddable":true,"href":"https:\/\/ivanastore.ro\/en\/wp-json\/wp\/v2\/product_tag?post=1940"}],"curies":[{"name":"wp","href":"https:\/\/api.w.org\/{rel}","templated":true}]}}