{"id":1967,"date":"2023-10-22T19:21:32","date_gmt":"2023-10-22T16:21:32","guid":{"rendered":"https:\/\/ivanastore.ro\/?post_type=product&#038;p=1967"},"modified":"2023-10-22T19:22:57","modified_gmt":"2023-10-22T16:22:57","slug":"fusta-mini-din-lana-cu-broderie-mirelle","status":"publish","type":"product","link":"https:\/\/ivanastore.ro\/en\/p\/fusta-mini-din-lana-cu-broderie-mirelle\/","title":{"rendered":"Fust\u0103 mini din l\u00e2n\u0103, cu broderie, Mirelle"},"content":{"rendered":"<p style=\"margin: 0in;\"><span style=\"font-family: 'Open Sans',sans-serif; color: #686868;\">Model mini, realizat din stof\u0103 de l\u00e2n\u0103.<br \/>\nBroderia are un design propriu stilizat inspirat\u00a0din\u00a0folclorul\u00a0rom\u00e2nesc.<br \/>\nCuloare \u2013 Negru<br \/>\nBroderie \u2013 Verde<br \/>\nMaterial \u2013 70% l\u00e2n\u0103 si 30% v\u00e2scoz\u0103<br \/>\nC\u0103ptu\u0219eal\u0103 \u2013 100% v\u00e2scoz\u0103<\/span><\/p>\n<p style=\"margin: 0in;\"><span style=\"font-family: 'Open Sans',sans-serif; color: #686868;\">Modelul\u00a0<span class=\"diasuggestion\">poart\u0103<\/span>\u00a0m\u0103rimea S<br \/>\n<span class=\"diasuggestion\">M\u0103surile<\/span>\u00a0modelului:\u00a0<span class=\"diasuggestion\">\u00cen\u0103l\u021bime<\/span>\u00a0165 cm, bust 88 cm, talie 68 cm,\u00a0<span class=\"diasuggestiondone\">\u0219old<\/span>\u00a092 cm<\/span><\/p>\n<p style=\"margin: 0in;\"><span class=\"diasuggestion\"><span style=\"font-family: 'Open Sans',sans-serif; color: #686868;\">\u00cengrijire<\/span><\/span><span style=\"font-family: 'Open Sans',sans-serif; color: #686868;\">\u00a0\u2013 Articolul este un produs de\u00a0<span class=\"diasuggestion\">\u00eenalta<\/span>\u00a0calitate\u00a0<span class=\"diasuggestion\">confec\u021bionat<\/span>\u00a0<span class=\"diasuggestion\">din<\/span>\u00a0materiale premium\u00a0<span class=\"diasuggestion\">\u0219i<\/span>\u00a0<span class=\"diasuggestion\">necesit\u0103<\/span>\u00a0<span class=\"diasuggestion\">\u00eengrijire<\/span>\u00a0<span class=\"diasuggestion\">\u0219i<\/span>\u00a0<span class=\"diasuggestion\">cur\u0103\u021bare<\/span>\u00a0<span class=\"diasuggestion\">special\u0103<\/span>.<br \/>\n<span class=\"diasuggestiondone\">V\u0103<\/span>\u00a0<span class=\"diasuggestion\">rug\u0103m<\/span>\u00a0<span class=\"diasuggestion\">s\u0103<\/span>\u00a0<span class=\"diasuggestion\">urm\u0103ri\u021bi<\/span>\u00a0<span class=\"diasuggestion\">recomand\u0103rile<\/span>\u00a0de pe\u00a0<span class=\"diasuggestiondone\">etichet\u0103<\/span>!<\/span><\/p>\n<p style=\"margin: 0in;\"><strong><span style=\"font-family: 'Open Sans',sans-serif; color: #686868;\">Acest model\u00a0<\/span><\/strong><span class=\"diasuggestion\"><b><span style=\"font-family: 'Open Sans',sans-serif; color: #686868;\">se<\/span><\/b><\/span><strong><span style=\"font-family: 'Open Sans',sans-serif; color: #686868;\">\u00a0poate\u00a0<\/span><\/strong><span class=\"diasuggestion\"><b><span style=\"font-family: 'Open Sans',sans-serif; color: #686868;\">personaliza<\/span><\/b><\/span><strong><span style=\"font-family: 'Open Sans',sans-serif; color: #686868;\">\u00a0<\/span><\/strong><span class=\"diasuggestion\"><b><span style=\"font-family: 'Open Sans',sans-serif; color: #686868;\">\u00een<\/span><\/b><\/span><strong><span style=\"font-family: 'Open Sans',sans-serif; color: #686868;\">\u00a0<\/span><\/strong><span class=\"diasuggestion\"><b><span style=\"font-family: 'Open Sans',sans-serif; color: #686868;\">func\u021bie<\/span><\/b><\/span><strong><span style=\"font-family: 'Open Sans',sans-serif; color: #686868;\">\u00a0de dimensiunile dorite, cu\u00a0<\/span><\/strong><span class=\"diasuggestion\"><b><span style=\"font-family: 'Open Sans',sans-serif; color: #686868;\">obliga\u021bia<\/span><\/b><\/span><strong><span style=\"font-family: 'Open Sans',sans-serif; color: #686868;\">\u00a0de a ne contacta\u00a0<\/span><\/strong><span class=\"diasuggestion\"><b><span style=\"font-family: 'Open Sans',sans-serif; color: #686868;\">\u00eenainte<\/span><\/b><\/span><strong><span style=\"font-family: 'Open Sans',sans-serif; color: #686868;\">\u00a0de plasarea comenzii.<\/span><\/strong><\/p>\n<p><strong><span class=\"dia_suggestion w102\">Pute\u021bi<\/span>\u00a0folosii\u00a0<a href=\"https:\/\/ivanastore.ro\/en\/contact\/\">FORMULAR DE CONTACT<\/a>\u00a0<span class=\"dia_suggestion w107\">sau<\/span>\u00a0direct\u00a0<span class=\"dia_suggestion w109\">la<\/span>\u00a0<a href=\"mailto:contact@ivanastore.ro\">contact@ivanastore.ro<\/a><\/strong><br \/>\n<strong><span class=\"dia_suggestion w113\">Pre\u021bul<\/span>\u00a0poate varia\u00a0<span class=\"dia_suggestion w87\">\u00een<\/span>\u00a0<span class=\"dia_suggestion w88\">func\u021bie<\/span>\u00a0de\u00a0<span class=\"dia_suggestion w119\">modific\u0103rile<\/span>\u00a0dorite.<\/strong><\/p>","protected":false},"excerpt":{"rendered":"<p>Model mini, realizat din stof\u0103 de l\u00e2n\u0103. Broderia are un design propriu stilizat inspirat\u00a0din\u00a0folclorul\u00a0rom\u00e2nesc. Culoare \u2013 Negru Broderie \u2013 Verde Material \u2013 70% l\u00e2n\u0103 si 30% v\u00e2scoz\u0103 C\u0103ptu\u0219eal\u0103 \u2013 100% v\u00e2scoz\u0103 Modelul\u00a0poart\u0103\u00a0m\u0103rimea S M\u0103surile\u00a0modelului:\u00a0\u00cen\u0103l\u021bime\u00a0165 cm, bust 88 cm, talie 68 cm,\u00a0\u0219old\u00a092 cm \u00cengrijire\u00a0\u2013 Articolul este un produs de\u00a0\u00eenalta\u00a0calitate\u00a0confec\u021bionat\u00a0din\u00a0materiale premium\u00a0\u0219i\u00a0necesit\u0103\u00a0\u00eengrijire\u00a0\u0219i\u00a0cur\u0103\u021bare\u00a0special\u0103. V\u0103\u00a0rug\u0103m\u00a0s\u0103\u00a0urm\u0103ri\u021bi\u00a0recomand\u0103rile\u00a0de pe\u00a0etichet\u0103! Acest model\u00a0se\u00a0poate\u00a0personaliza\u00a0\u00een\u00a0func\u021bie\u00a0de dimensiunile dorite, [&hellip;]<\/p>\n","protected":false},"featured_media":1944,"comment_status":"open","ping_status":"closed","template":"","meta":[],"product_cat":[27,25,34],"product_tag":[],"class_list":["post-1967","product","type-product","status-publish","has-post-thumbnail","hentry","product_cat-femei","product_cat-new","product_cat-rochii"],"_links":{"self":[{"href":"https:\/\/ivanastore.ro\/en\/wp-json\/wp\/v2\/product\/1967","targetHints":{"allow":["GET"]}}],"collection":[{"href":"https:\/\/ivanastore.ro\/en\/wp-json\/wp\/v2\/product"}],"about":[{"href":"https:\/\/ivanastore.ro\/en\/wp-json\/wp\/v2\/types\/product"}],"replies":[{"embeddable":true,"href":"https:\/\/ivanastore.ro\/en\/wp-json\/wp\/v2\/comments?post=1967"}],"wp:featuredmedia":[{"embeddable":true,"href":"https:\/\/ivanastore.ro\/en\/wp-json\/wp\/v2\/media\/1944"}],"wp:attachment":[{"href":"https:\/\/ivanastore.ro\/en\/wp-json\/wp\/v2\/media?parent=1967"}],"wp:term":[{"taxonomy":"product_cat","embeddable":true,"href":"https:\/\/ivanastore.ro\/en\/wp-json\/wp\/v2\/product_cat?post=1967"},{"taxonomy":"product_tag","embeddable":true,"href":"https:\/\/ivanastore.ro\/en\/wp-json\/wp\/v2\/product_tag?post=1967"}],"curies":[{"name":"wp","href":"https:\/\/api.w.org\/{rel}","templated":true}]}}