{"id":1973,"date":"2023-10-22T19:33:38","date_gmt":"2023-10-22T16:33:38","guid":{"rendered":"https:\/\/ivanastore.ro\/?post_type=product&#038;p=1973"},"modified":"2023-10-23T12:06:14","modified_gmt":"2023-10-23T09:06:14","slug":"rochie-din-stofa-brodata-sofia","status":"publish","type":"product","link":"https:\/\/ivanastore.ro\/en\/p\/rochie-din-stofa-brodata-sofia\/","title":{"rendered":"Rochie Sofia, din stof\u0103, brodat\u0103"},"content":{"rendered":"<p>Model amplu cu m\u00e2nec\u0103\u00a0lung\u0103, prevazut cu buzunare laterale.<br \/>\nRochia este prev\u0103zut\u0103\u00a0cu\u00a0c\u0103ptu\u0219eal\u0103 din 100% vascoza<br \/>\nBroderia are un design propriu, stilizat ce\u00a0con\u021bine\u00a0elemente\u00a0din\u00a0folclorul\u00a0rom\u00e2nesc.<br \/>\nCuloare \u2013 Negru<br \/>\nBroderie \u2013 Albastru<br \/>\nAccesorii \u2013 Curea neagr\u0103<br \/>\nMaterial \u2013 stof\u0103 50% Bumbac, 20% L\u00e2n\u0103, 30% V\u00e2scoz\u0103<\/p>\n<p>Modelul\u00a0<span class=\"dia_suggestion w43\">poart\u0103<\/span> m\u0103rimea: S<br \/>\n<span class=\"dia_suggestion w46\">M\u0103surile<\/span>\u00a0modelului:\u00a0<span class=\"dia_suggestion w48\">\u00cen\u0103l\u021bime<\/span>\u00a0165 cm, bust 88 cm, talie 68 cm,\u00a0<span class=\"dia_suggestion_done w54\">\u0219old<\/span>\u00a092 cm<\/p>\n<p><span class=\"dia_suggestion w56\">\u00cengrijire<\/span>\u00a0\u2013 Articolul este un produs de\u00a0<span class=\"dia_suggestion w62\">\u00eenalta<\/span>\u00a0calitate\u00a0<span class=\"dia_suggestion w64\">confec\u021bionat<\/span>\u00a0<span class=\"dia_suggestion w6\"><span class=\"dia_suggestion w28\"><span class=\"dia_suggestion w65\">din<\/span><\/span><\/span>\u00a0materiale premium\u00a0<span class=\"dia_suggestion w68\">\u0219i<\/span>\u00a0<span class=\"dia_suggestion w69\">necesit\u0103<\/span>\u00a0<span class=\"dia_suggestion w70\">\u00eengrijire<\/span>\u00a0<span class=\"dia_suggestion w71\">\u0219i<\/span>\u00a0<span class=\"dia_suggestion w72\">cur\u0103\u021bare<\/span>\u00a0<span class=\"dia_suggestion w73\">special\u0103<\/span>.<br \/>\n<span class=\"dia_suggestion_done w74\">V\u0103<\/span>\u00a0<span class=\"dia_suggestion w75\">rug\u0103m<\/span>\u00a0<span class=\"dia_suggestion w76\">s\u0103<\/span>\u00a0<span class=\"dia_suggestion w77\">urm\u0103ri\u021bi<\/span>\u00a0<span class=\"dia_suggestion w78\">recomand\u0103rile<\/span>\u00a0de pe\u00a0<span class=\"dia_suggestion_done w81\">etichet\u0103<\/span>!<\/p>\n<p><strong>Acest model\u00a0<span class=\"dia_suggestion w84\">se<\/span>\u00a0poate\u00a0<span class=\"dia_suggestion w86\">personaliza<\/span>\u00a0<span class=\"dia_suggestion w87\">\u00een<\/span>\u00a0<span class=\"dia_suggestion w88\">func\u021bie<\/span>\u00a0de dimensiunile dorite, cu\u00a0<span class=\"dia_suggestion w93\">obliga\u021bia<\/span>\u00a0de a ne contacta\u00a0<span class=\"dia_suggestion w98\">\u00eenainte<\/span>\u00a0de plasarea comenzii.<\/strong><br \/>\n<strong><span class=\"dia_suggestion w102\">Pute\u021bi<\/span>\u00a0folosii\u00a0<a href=\"https:\/\/ivanastore.ro\/en\/contact\/\">FORMULAR DE CONTACT<\/a>\u00a0<span class=\"dia_suggestion w107\">sau<\/span>\u00a0direct\u00a0<span class=\"dia_suggestion w109\">la<\/span>\u00a0<a href=\"mailto:contact@ivanastore.ro\">contact@ivanastore.ro<\/a><\/strong><br \/>\n<strong><span class=\"dia_suggestion w113\">Pre\u021bul<\/span>\u00a0poate varia\u00a0<span class=\"dia_suggestion w87\">\u00een<\/span>\u00a0<span class=\"dia_suggestion w88\">func\u021bie<\/span>\u00a0de\u00a0<span class=\"dia_suggestion w119\">modific\u0103rile<\/span>\u00a0dorite.<\/strong><\/p>","protected":false},"excerpt":{"rendered":"<p>Model amplu cu m\u00e2nec\u0103\u00a0lung\u0103, prevazut cu buzunare laterale. Rochia este prev\u0103zut\u0103\u00a0cu\u00a0c\u0103ptu\u0219eal\u0103 din 100% vascoza Broderia are un design propriu, stilizat ce\u00a0con\u021bine\u00a0elemente\u00a0din\u00a0folclorul\u00a0rom\u00e2nesc. Culoare \u2013 Negru Broderie \u2013 Albastru Accesorii \u2013 Curea neagr\u0103 Material \u2013 stof\u0103 50% Bumbac, 20% L\u00e2n\u0103, 30% V\u00e2scoz\u0103 Modelul\u00a0poart\u0103 m\u0103rimea: S M\u0103surile\u00a0modelului:\u00a0\u00cen\u0103l\u021bime\u00a0165 cm, bust 88 cm, talie 68 cm,\u00a0\u0219old\u00a092 cm \u00cengrijire\u00a0\u2013 Articolul este [&hellip;]<\/p>\n","protected":false},"featured_media":1950,"comment_status":"open","ping_status":"closed","template":"","meta":[],"product_cat":[27,34],"product_tag":[],"class_list":["post-1973","product","type-product","status-publish","has-post-thumbnail","hentry","product_cat-femei","product_cat-rochii"],"_links":{"self":[{"href":"https:\/\/ivanastore.ro\/en\/wp-json\/wp\/v2\/product\/1973","targetHints":{"allow":["GET"]}}],"collection":[{"href":"https:\/\/ivanastore.ro\/en\/wp-json\/wp\/v2\/product"}],"about":[{"href":"https:\/\/ivanastore.ro\/en\/wp-json\/wp\/v2\/types\/product"}],"replies":[{"embeddable":true,"href":"https:\/\/ivanastore.ro\/en\/wp-json\/wp\/v2\/comments?post=1973"}],"wp:featuredmedia":[{"embeddable":true,"href":"https:\/\/ivanastore.ro\/en\/wp-json\/wp\/v2\/media\/1950"}],"wp:attachment":[{"href":"https:\/\/ivanastore.ro\/en\/wp-json\/wp\/v2\/media?parent=1973"}],"wp:term":[{"taxonomy":"product_cat","embeddable":true,"href":"https:\/\/ivanastore.ro\/en\/wp-json\/wp\/v2\/product_cat?post=1973"},{"taxonomy":"product_tag","embeddable":true,"href":"https:\/\/ivanastore.ro\/en\/wp-json\/wp\/v2\/product_tag?post=1973"}],"curies":[{"name":"wp","href":"https:\/\/api.w.org\/{rel}","templated":true}]}}