{"id":2022,"date":"2023-11-23T12:49:45","date_gmt":"2023-11-23T09:49:45","guid":{"rendered":"https:\/\/ivanastore.ro\/?post_type=product&#038;p=2022"},"modified":"2023-11-23T12:50:54","modified_gmt":"2023-11-23T09:50:54","slug":"set-daisy-fustabluza-cu-aplicatie-cusuta-manual-si-terminatii-de-margele","status":"publish","type":"product","link":"https:\/\/ivanastore.ro\/en\/p\/set-daisy-fustabluza-cu-aplicatie-cusuta-manual-si-terminatii-de-margele\/","title":{"rendered":"Set Daisy , fust\u0103+bluz\u0103 cu aplica\u021bie cusut\u0103 manual \u0219i termina\u021bii de m\u0103rgele"},"content":{"rendered":"<p>Bluz\u0103 cu guler \u0219i man\u0219ete asimetrice, aplica\u021bii manuale din mase vegetal\u0103 finisate cu m\u0103rgele.<br \/>\nFust\u0103 ampl\u0103 cu buzunare, de lungime medie.<br \/>\nCuloare: Negru<br \/>\nBroderie: Ivoire<br \/>\nMaterial : Stof\u0103 20%L\u00e2n\u0103, 75%v\u00e2scoz\u0103, 5%elastan<br \/>\nC\u0103ptu\u0219eal\u0103: 100% v\u00e2scoz\u0103<br \/>\nModelul poart\u0103 m\u0103rimea: S<br \/>\nM\u0103surile modelului:\u00cen\u0103l\u021bime165 cm, bust 88 cm, talie 68 cm,\u0219old 92 cm<br \/>\n\u00cengrijire: Articolul este un produs de \u00eenalta calitate confec\u021bionat din materiale<br \/>\npremium \u0219i necesit\u0103 \u00eengrijire \u0219i cur\u0103\u021bare special\u0103.<br \/>\nV\u0103 rug\u0103m s\u0103 urm\u0103ri\u021bi recomand\u0103rile de pe etichet\u0103!<br \/>\nAcest model se poate personaliza \u00een func\u021biede dimensiunile dorite, sau de culoarea broderiei dorite, cu obliga\u021bia de a ne contacta \u00eenainte de plasarea comenzii.<\/p>\n<p><strong><span class=\"dia_suggestion w102\">Pute\u021bi<\/span>\u00a0folosii\u00a0<a href=\"https:\/\/ivanastore.ro\/en\/contact\/\">FORMULAR DE CONTACT<\/a>\u00a0<span class=\"dia_suggestion w107\">sau<\/span>\u00a0direct\u00a0<span class=\"dia_suggestion w109\">la<\/span>\u00a0<a href=\"mailto:contact@ivanastore.ro\">contact@ivanastore.ro<\/a><\/strong><br \/>\n<strong><span class=\"dia_suggestion w113\">Pre\u021bul<\/span>\u00a0poate varia\u00a0<span class=\"dia_suggestion w87\">\u00een<\/span>\u00a0<span class=\"dia_suggestion w88\">func\u021bie<\/span>\u00a0de\u00a0<span class=\"dia_suggestion w119\">modific\u0103rile<\/span>\u00a0dorite.<\/strong><\/p>","protected":false},"excerpt":{"rendered":"<p>Bluz\u0103 cu guler \u0219i man\u0219ete asimetrice, aplica\u021bii manuale din mase vegetal\u0103 finisate cu m\u0103rgele. Fust\u0103 ampl\u0103 cu buzunare, de lungime medie. Culoare: Negru Broderie: Ivoire Material : Stof\u0103 20%L\u00e2n\u0103, 75%v\u00e2scoz\u0103, 5%elastan C\u0103ptu\u0219eal\u0103: 100% v\u00e2scoz\u0103 Modelul poart\u0103 m\u0103rimea: S M\u0103surile modelului:\u00cen\u0103l\u021bime165 cm, bust 88 cm, talie 68 cm,\u0219old 92 cm \u00cengrijire: Articolul este un produs de [&hellip;]<\/p>\n","protected":false},"featured_media":2012,"comment_status":"open","ping_status":"closed","template":"","meta":[],"product_cat":[27,25,103,34],"product_tag":[],"class_list":["post-2022","product","type-product","status-publish","has-post-thumbnail","hentry","product_cat-femei","product_cat-new","product_cat-new-2","product_cat-rochii"],"_links":{"self":[{"href":"https:\/\/ivanastore.ro\/en\/wp-json\/wp\/v2\/product\/2022","targetHints":{"allow":["GET"]}}],"collection":[{"href":"https:\/\/ivanastore.ro\/en\/wp-json\/wp\/v2\/product"}],"about":[{"href":"https:\/\/ivanastore.ro\/en\/wp-json\/wp\/v2\/types\/product"}],"replies":[{"embeddable":true,"href":"https:\/\/ivanastore.ro\/en\/wp-json\/wp\/v2\/comments?post=2022"}],"wp:featuredmedia":[{"embeddable":true,"href":"https:\/\/ivanastore.ro\/en\/wp-json\/wp\/v2\/media\/2012"}],"wp:attachment":[{"href":"https:\/\/ivanastore.ro\/en\/wp-json\/wp\/v2\/media?parent=2022"}],"wp:term":[{"taxonomy":"product_cat","embeddable":true,"href":"https:\/\/ivanastore.ro\/en\/wp-json\/wp\/v2\/product_cat?post=2022"},{"taxonomy":"product_tag","embeddable":true,"href":"https:\/\/ivanastore.ro\/en\/wp-json\/wp\/v2\/product_tag?post=2022"}],"curies":[{"name":"wp","href":"https:\/\/api.w.org\/{rel}","templated":true}]}}